{"id":154,"date":"2017-08-21T12:18:28","date_gmt":"2017-08-21T09:18:28","guid":{"rendered":"https:\/\/arizonatrain.fi\/?page_id=154"},"modified":"2026-01-27T14:32:30","modified_gmt":"2026-01-27T12:32:30","slug":"kantriorkesteri","status":"publish","type":"page","link":"https:\/\/arizonatrain.fi\/","title":{"rendered":"Etusivu"},"content":{"rendered":"<div id=\"pl-154\"  class=\"panel-layout\" ><div id=\"pg-154-0\"  class=\"panel-grid panel-no-style\" ><div id=\"pgc-154-0-0\"  class=\"panel-grid-cell\" ><div id=\"panel-154-0-0-0\" class=\"so-panel widget widget_black-studio-tinymce widget_black_studio_tinymce panel-first-child panel-last-child\" data-index=\"0\" ><div class=\"textwidget\"><\/div><\/div><\/div><\/div><div id=\"pg-154-1\"  class=\"panel-grid panel-no-style\" ><div id=\"pgc-154-1-0\"  class=\"panel-grid-cell\" ><div id=\"panel-154-1-0-0\" class=\"so-panel widget widget_black-studio-tinymce widget_black_studio_tinymce panel-first-child panel-last-child\" data-index=\"1\" ><div class=\"textwidget\"><p><img loading=\"lazy\" decoding=\"async\" class=\"aligncenter wp-image-59 size-full\" src=\"https:\/\/arizonatrain.fi\/alakategoria\/wp-content\/uploads\/2016\/05\/guitar-1.jpg\" alt=\"guitar-1\" width=\"512\" height=\"384\" data-id=\"59\" srcset=\"https:\/\/arizonatrain.fi\/wp-content\/uploads\/2016\/05\/guitar-1.jpg 512w, https:\/\/arizonatrain.fi\/wp-content\/uploads\/2016\/05\/guitar-1-300x225.jpg 300w\" sizes=\"auto, (max-width: 512px) 100vw, 512px\" \/><\/p>\n<\/div><\/div><\/div><div id=\"pgc-154-1-1\"  class=\"panel-grid-cell\" ><div id=\"panel-154-1-1-0\" class=\"so-panel widget widget_black-studio-tinymce widget_black_studio_tinymce panel-first-child panel-last-child\" data-index=\"2\" ><div class=\"textwidget\"><p><span style=\"color: #ffcc99;\"><strong>ARIZONA TRAIN BAND<\/strong> - Musiikillista juurihoitoa vuodesta 1995<\/span><\/p>\n<p><span style=\"color: #ffcc99;\">Olemme suomalainen kantrib\u00e4ndi ja soitamme Amerikan myydyint\u00e4 musiikkia.<\/span><br \/>\n<span style=\"color: #ffcc99;\"> Musiikkityyli sis\u00e4lt\u00e4\u00e4 kaikenik\u00e4isten makuun sopivaa kantrirokkia, bluesia sek\u00e4 southern-rock tyylist\u00e4 rentoa menoa.<\/span><br \/>\n<span style=\"color: #ffcc99;\"> Pyrimme tarjoamaan kuulijoillemme el\u00e4myksen joka her\u00e4tt\u00e4\u00e4 suomalaisessa mielenkiinnon musiikkiin jota h\u00e4n on aina tiet\u00e4m\u00e4tt\u00e4\u00e4n rakastanut.<\/span><br \/>\n<span style=\"color: #ffcc99;\"> Rehellist\u00e4 musiikkia rehelliselle ihmiselle. Emme kikkaile valmiilla taustoilla vaan omilla taidoillamme.<\/span><br \/>\n<span style=\"color: #ffcc99;\"> Soitamme oman tuotannon lis\u00e4ksi cover-versioita enimm\u00e4kseen tunnettujen artistien musiikista kuten Dixie Chicks, Miranda Lambert, Alan Jackson, Travis Tritt, Toby Keith ym.<\/span><br \/>\n<span style=\"color: #ffcc99;\"> Meit\u00e4 kannattaa tulla kuuntelemaan avoimin mielin - tyyli sopii kaikille ja vet\u00e4\u00e4 my\u00f6s helposti tanssilattialle.<\/span><\/p>\n<\/div><\/div><\/div><\/div><div id=\"pg-154-2\"  class=\"panel-grid panel-no-style\" ><div id=\"pgc-154-2-0\"  class=\"panel-grid-cell\" ><div id=\"panel-154-2-0-0\" class=\"so-panel widget widget_black-studio-tinymce widget_black_studio_tinymce panel-first-child panel-last-child\" data-index=\"3\" ><div class=\"textwidget\"><p><video poster=\"https:\/\/arizonatrain.fi\/wp-content\/uploads\/2020\/08\/B\u00e4ndi-poster-1.jpg\" controls=\"controls\" width=\"260\" height=\"180\"><span style=\"display: inline-block; width: 0px; overflow: hidden; line-height: 0;\" data-mce-type=\"bookmark\" class=\"mce_SELRES_start\">\ufeff<\/span><source src=\"https:\/\/arizonatrain.fi\/Sweet home.mp4\" type=\"video\/mp4\" \/><\/video><\/p>\n<\/div><\/div><\/div><div id=\"pgc-154-2-1\"  class=\"panel-grid-cell\" ><div id=\"panel-154-2-1-0\" class=\"so-panel widget widget_black-studio-tinymce widget_black_studio_tinymce panel-first-child panel-last-child\" data-index=\"4\" ><div class=\"textwidget\"><p><video poster=\"https:\/\/arizonatrain.fi\/wp-content\/uploads\/2024\/08\/Screenshot-2024-08-04-at-12.47.44.png\" controls=\"controls\" width=\"260\" height=\"180\"><source src=\"https:\/\/arizonatrain.fi\/Arizona Train.mp4\" type=\"video\/mp4\"\/>< \/video><\/p>\n<\/div><\/div><\/div><\/div><\/div>","protected":false},"excerpt":{"rendered":"<p>ARIZONA TRAIN BAND &#8211; Musiikillista juurihoitoa vuodesta 1995 Olemme suomalainen kantrib\u00e4ndi ja soitamme Amerikan myydyint\u00e4 musiikkia. Musiikkityyli sis\u00e4lt\u00e4\u00e4 kaikenik\u00e4isten makuun sopivaa kantrirokkia, bluesia sek\u00e4 southern-rock tyylist\u00e4 rentoa menoa. Pyrimme tarjoamaan kuulijoillemme el\u00e4myksen joka her\u00e4tt\u00e4\u00e4 suomalaisessa mielenkiinnon musiikkiin jota h\u00e4n on &hellip; <a class=\"kt-excerpt-readmore\" href=\"https:\/\/arizonatrain.fi\/\" aria-label=\"Etusivu\">Read More<\/a><\/p>\n","protected":false},"author":1,"featured_media":0,"parent":0,"menu_order":0,"comment_status":"closed","ping_status":"closed","template":"page-feature-sidebar.php","meta":{"footnotes":""},"class_list":["post-154","page","type-page","status-publish","hentry"],"yoast_head":"<!-- This site is optimized with the Yoast SEO plugin v27.5 - https:\/\/yoast.com\/product\/yoast-seo-wordpress\/ -->\n<title>Etusivu - Arizona Train Band<\/title>\n<meta name=\"description\" content=\"Suomalainen kantrib\u00e4ndi Arizona Train - Country Blues Southern Rock\" \/>\n<meta name=\"robots\" content=\"index, follow, max-snippet:-1, max-image-preview:large, max-video-preview:-1\" \/>\n<link rel=\"canonical\" href=\"https:\/\/arizonatrain.fi\/\" \/>\n<meta property=\"og:locale\" content=\"fi_FI\" \/>\n<meta property=\"og:type\" content=\"article\" \/>\n<meta property=\"og:title\" content=\"Etusivu - Arizona Train Band\" \/>\n<meta property=\"og:description\" content=\"Suomalainen kantrib\u00e4ndi Arizona Train - Country Blues Southern Rock\" \/>\n<meta property=\"og:url\" content=\"https:\/\/arizonatrain.fi\/\" \/>\n<meta property=\"og:site_name\" content=\"Arizona Train Band\" \/>\n<meta property=\"article:modified_time\" content=\"2026-01-27T12:32:30+00:00\" \/>\n<meta property=\"og:image\" content=\"https:\/\/arizonatrain.fi\/wp-content\/uploads\/2016\/05\/guitar-1.jpg\" \/>\n\t<meta property=\"og:image:width\" content=\"512\" \/>\n\t<meta property=\"og:image:height\" content=\"384\" \/>\n\t<meta property=\"og:image:type\" content=\"image\/jpeg\" \/>\n<meta name=\"twitter:card\" content=\"summary_large_image\" \/>\n<meta name=\"twitter:label1\" content=\"Arvioitu lukuaika\" \/>\n\t<meta name=\"twitter:data1\" content=\"1 minuutti\" \/>\n<script type=\"application\/ld+json\" class=\"yoast-schema-graph\">{\"@context\":\"https:\\\/\\\/schema.org\",\"@graph\":[{\"@type\":\"WebPage\",\"@id\":\"https:\\\/\\\/arizonatrain.fi\\\/\",\"url\":\"https:\\\/\\\/arizonatrain.fi\\\/\",\"name\":\"Etusivu - Arizona Train Band\",\"isPartOf\":{\"@id\":\"https:\\\/\\\/arizonatrain.fi\\\/#website\"},\"primaryImageOfPage\":{\"@id\":\"https:\\\/\\\/arizonatrain.fi\\\/#primaryimage\"},\"image\":{\"@id\":\"https:\\\/\\\/arizonatrain.fi\\\/#primaryimage\"},\"thumbnailUrl\":\"https:\\\/\\\/arizonatrain.fi\\\/alakategoria\\\/wp-content\\\/uploads\\\/2016\\\/05\\\/guitar-1.jpg\",\"datePublished\":\"2017-08-21T09:18:28+00:00\",\"dateModified\":\"2026-01-27T12:32:30+00:00\",\"description\":\"Suomalainen kantrib\u00e4ndi Arizona Train - Country Blues Southern Rock\",\"breadcrumb\":{\"@id\":\"https:\\\/\\\/arizonatrain.fi\\\/#breadcrumb\"},\"inLanguage\":\"fi\",\"potentialAction\":[{\"@type\":\"ReadAction\",\"target\":[\"https:\\\/\\\/arizonatrain.fi\\\/\"]}]},{\"@type\":\"ImageObject\",\"inLanguage\":\"fi\",\"@id\":\"https:\\\/\\\/arizonatrain.fi\\\/#primaryimage\",\"url\":\"https:\\\/\\\/arizonatrain.fi\\\/wp-content\\\/uploads\\\/2016\\\/05\\\/guitar-1.jpg\",\"contentUrl\":\"https:\\\/\\\/arizonatrain.fi\\\/wp-content\\\/uploads\\\/2016\\\/05\\\/guitar-1.jpg\",\"width\":512,\"height\":384},{\"@type\":\"BreadcrumbList\",\"@id\":\"https:\\\/\\\/arizonatrain.fi\\\/#breadcrumb\",\"itemListElement\":[{\"@type\":\"ListItem\",\"position\":1,\"name\":\"Home\",\"item\":\"https:\\\/\\\/arizonatrain.fi\\\/\"},{\"@type\":\"ListItem\",\"position\":2,\"name\":\"Etusivu\"}]},{\"@type\":\"WebSite\",\"@id\":\"https:\\\/\\\/arizonatrain.fi\\\/#website\",\"url\":\"https:\\\/\\\/arizonatrain.fi\\\/\",\"name\":\"Arizona Train Band\",\"description\":\"Suomalainen country - blues - southern rock - b&auml;ndi\",\"publisher\":{\"@id\":\"https:\\\/\\\/arizonatrain.fi\\\/#organization\"},\"potentialAction\":[{\"@type\":\"SearchAction\",\"target\":{\"@type\":\"EntryPoint\",\"urlTemplate\":\"https:\\\/\\\/arizonatrain.fi\\\/?s={search_term_string}\"},\"query-input\":{\"@type\":\"PropertyValueSpecification\",\"valueRequired\":true,\"valueName\":\"search_term_string\"}}],\"inLanguage\":\"fi\"},{\"@type\":\"Organization\",\"@id\":\"https:\\\/\\\/arizonatrain.fi\\\/#organization\",\"name\":\"Arizona Train Band\",\"url\":\"https:\\\/\\\/arizonatrain.fi\\\/\",\"logo\":{\"@type\":\"ImageObject\",\"inLanguage\":\"fi\",\"@id\":\"https:\\\/\\\/arizonatrain.fi\\\/#\\\/schema\\\/logo\\\/image\\\/\",\"url\":\"https:\\\/\\\/arizonatrain.fi\\\/wp-content\\\/uploads\\\/2022\\\/11\\\/Ariz_tra5.jpg\",\"contentUrl\":\"https:\\\/\\\/arizonatrain.fi\\\/wp-content\\\/uploads\\\/2022\\\/11\\\/Ariz_tra5.jpg\",\"width\":806,\"height\":485,\"caption\":\"Arizona Train Band\"},\"image\":{\"@id\":\"https:\\\/\\\/arizonatrain.fi\\\/#\\\/schema\\\/logo\\\/image\\\/\"}}]}<\/script>\n<!-- \/ Yoast SEO plugin. -->","yoast_head_json":{"title":"Etusivu - Arizona Train Band","description":"Suomalainen kantrib\u00e4ndi Arizona Train - Country Blues Southern Rock","robots":{"index":"index","follow":"follow","max-snippet":"max-snippet:-1","max-image-preview":"max-image-preview:large","max-video-preview":"max-video-preview:-1"},"canonical":"https:\/\/arizonatrain.fi\/","og_locale":"fi_FI","og_type":"article","og_title":"Etusivu - Arizona Train Band","og_description":"Suomalainen kantrib\u00e4ndi Arizona Train - Country Blues Southern Rock","og_url":"https:\/\/arizonatrain.fi\/","og_site_name":"Arizona Train Band","article_modified_time":"2026-01-27T12:32:30+00:00","og_image":[{"width":512,"height":384,"url":"https:\/\/arizonatrain.fi\/wp-content\/uploads\/2016\/05\/guitar-1.jpg","type":"image\/jpeg"}],"twitter_card":"summary_large_image","twitter_misc":{"Arvioitu lukuaika":"1 minuutti"},"schema":{"@context":"https:\/\/schema.org","@graph":[{"@type":"WebPage","@id":"https:\/\/arizonatrain.fi\/","url":"https:\/\/arizonatrain.fi\/","name":"Etusivu - Arizona Train Band","isPartOf":{"@id":"https:\/\/arizonatrain.fi\/#website"},"primaryImageOfPage":{"@id":"https:\/\/arizonatrain.fi\/#primaryimage"},"image":{"@id":"https:\/\/arizonatrain.fi\/#primaryimage"},"thumbnailUrl":"https:\/\/arizonatrain.fi\/alakategoria\/wp-content\/uploads\/2016\/05\/guitar-1.jpg","datePublished":"2017-08-21T09:18:28+00:00","dateModified":"2026-01-27T12:32:30+00:00","description":"Suomalainen kantrib\u00e4ndi Arizona Train - Country Blues Southern Rock","breadcrumb":{"@id":"https:\/\/arizonatrain.fi\/#breadcrumb"},"inLanguage":"fi","potentialAction":[{"@type":"ReadAction","target":["https:\/\/arizonatrain.fi\/"]}]},{"@type":"ImageObject","inLanguage":"fi","@id":"https:\/\/arizonatrain.fi\/#primaryimage","url":"https:\/\/arizonatrain.fi\/wp-content\/uploads\/2016\/05\/guitar-1.jpg","contentUrl":"https:\/\/arizonatrain.fi\/wp-content\/uploads\/2016\/05\/guitar-1.jpg","width":512,"height":384},{"@type":"BreadcrumbList","@id":"https:\/\/arizonatrain.fi\/#breadcrumb","itemListElement":[{"@type":"ListItem","position":1,"name":"Home","item":"https:\/\/arizonatrain.fi\/"},{"@type":"ListItem","position":2,"name":"Etusivu"}]},{"@type":"WebSite","@id":"https:\/\/arizonatrain.fi\/#website","url":"https:\/\/arizonatrain.fi\/","name":"Arizona Train Band","description":"Suomalainen country - blues - southern rock - b&auml;ndi","publisher":{"@id":"https:\/\/arizonatrain.fi\/#organization"},"potentialAction":[{"@type":"SearchAction","target":{"@type":"EntryPoint","urlTemplate":"https:\/\/arizonatrain.fi\/?s={search_term_string}"},"query-input":{"@type":"PropertyValueSpecification","valueRequired":true,"valueName":"search_term_string"}}],"inLanguage":"fi"},{"@type":"Organization","@id":"https:\/\/arizonatrain.fi\/#organization","name":"Arizona Train Band","url":"https:\/\/arizonatrain.fi\/","logo":{"@type":"ImageObject","inLanguage":"fi","@id":"https:\/\/arizonatrain.fi\/#\/schema\/logo\/image\/","url":"https:\/\/arizonatrain.fi\/wp-content\/uploads\/2022\/11\/Ariz_tra5.jpg","contentUrl":"https:\/\/arizonatrain.fi\/wp-content\/uploads\/2022\/11\/Ariz_tra5.jpg","width":806,"height":485,"caption":"Arizona Train Band"},"image":{"@id":"https:\/\/arizonatrain.fi\/#\/schema\/logo\/image\/"}}]}},"_links":{"self":[{"href":"https:\/\/arizonatrain.fi\/index.php?rest_route=\/wp\/v2\/pages\/154","targetHints":{"allow":["GET"]}}],"collection":[{"href":"https:\/\/arizonatrain.fi\/index.php?rest_route=\/wp\/v2\/pages"}],"about":[{"href":"https:\/\/arizonatrain.fi\/index.php?rest_route=\/wp\/v2\/types\/page"}],"author":[{"embeddable":true,"href":"https:\/\/arizonatrain.fi\/index.php?rest_route=\/wp\/v2\/users\/1"}],"replies":[{"embeddable":true,"href":"https:\/\/arizonatrain.fi\/index.php?rest_route=%2Fwp%2Fv2%2Fcomments&post=154"}],"version-history":[{"count":20,"href":"https:\/\/arizonatrain.fi\/index.php?rest_route=\/wp\/v2\/pages\/154\/revisions"}],"predecessor-version":[{"id":526,"href":"https:\/\/arizonatrain.fi\/index.php?rest_route=\/wp\/v2\/pages\/154\/revisions\/526"}],"wp:attachment":[{"href":"https:\/\/arizonatrain.fi\/index.php?rest_route=%2Fwp%2Fv2%2Fmedia&parent=154"}],"curies":[{"name":"wp","href":"https:\/\/api.w.org\/{rel}","templated":true}]}}